{"id":20,"date":"2025-04-10T00:36:03","date_gmt":"2025-04-09T21:36:03","guid":{"rendered":"https:\/\/724liveslots.vip\/?page_id=20"},"modified":"2025-04-11T01:37:06","modified_gmt":"2025-04-10T22:37:06","slug":"hakkimizda","status":"publish","type":"page","link":"https:\/\/724liveslots.vip\/index.php\/hakkimizda\/","title":{"rendered":"Hakk\u0131m\u0131zda"},"content":{"rendered":"\n<p><a href=\"https:\/\/724liveslots.vip\/\">724liveslots<\/a> Zoom, casino d\u00fcnyas\u0131nda en y\u00fcksek e\u011flence ve kazan\u00e7 f\u0131rsatlar\u0131n\u0131 sunmay\u0131 ama\u00e7layan bir platformdur. K\u0131br\u0131s\u2019\u0131n en se\u00e7kin casino otelleri ve pop\u00fcler oyun se\u00e7enekleri ile geni\u015f bir oyun yelpazesi sunuyoruz. Amac\u0131m\u0131z, kullan\u0131c\u0131lar\u0131m\u0131za sadece oyun oynamakla kalmak de\u011fil. Ayn\u0131 zamanda g\u00fcvenli, keyifli ve kazan\u00e7 dolu bir deneyim ya\u015fatmak.<\/p>\n\n\n\n<p>Platformumuz, kullan\u0131c\u0131 dostu aray\u00fcz\u00fc, y\u00fcksek kazan\u00e7 oranlar\u0131, h\u0131zl\u0131 \u00f6deme sistemleri ve 7\/24 <a href=\"https:\/\/heylink.me\/k\u0131br\u0131szoom\/\" target=\"_blank\" rel=\"noopener\">kesintisiz destek hizmetleri<\/a> ile her ad\u0131mda oyuncular\u0131n\u0131n yan\u0131ndad\u0131r. Ayr\u0131ca, her oyuncunun ihtiyac\u0131na \u00f6zel VIP hizmetleri, cazip bonuslar ve ayr\u0131cal\u0131kl\u0131 f\u0131rsatlar sunuyor. Bunlar sayesinde \u00fcyelerimizin oyun deneyimlerini daha da \u00f6zel hale getiriyoruz.<\/p>\n\n\n\n<p>724liveslots Zoom, yaln\u0131zca e\u011flenceyi de\u011fil, g\u00fcvenli\u011fi de \u00f6n planda tutarak sorumlu oyun anlay\u0131\u015f\u0131n\u0131 benimser. Canl\u0131 destek temsilcilerimiz her an yan\u0131n\u0131zda bulunurlar. Ayn\u0131 zamanda sorular\u0131n\u0131z\u0131 h\u0131zl\u0131 ve etkili bir \u015fekilde yan\u0131tlayarak g\u00fcvenli bir oyun ortam\u0131 sunar. Ayr\u0131ca, oyuncular\u0131m\u0131za h\u0131zl\u0131 \u00e7ekim se\u00e7enekleri ve g\u00fcvenli \u00f6deme sistemleriyle kazan\u00e7lar\u0131n\u0131 kolayca \u00e7ekme imkan\u0131 tan\u0131r\u0131z.<\/p>\n\n\n\n<p>K\u0131br\u0131s casinolar\u0131 hakk\u0131nda detayl\u0131 bilgi sunan Zoom Casino, en pop\u00fcler kumarhaneler, slot ve masa oyunlar\u0131 se\u00e7enekleri, profesyonel hizmetler ve VIP ayr\u0131cal\u0131klar\u0131 ile oyuncular\u0131na e\u015fsiz bir deneyim sunmaktad\u0131r. Mobil uyumlu yap\u0131s\u0131yla her an ve her yerden casino d\u00fcnyas\u0131na ad\u0131m atabilirsiniz.<\/p>\n\n\n\n<p>Vizyonumuz, her zaman daha fazla e\u011flence, kazan\u00e7 ve kaliteli deneyim sunmakt\u0131r. 724liveslots Zoom olarak, oyun d\u00fcnyas\u0131nda lider kalmay\u0131 ve kullan\u0131c\u0131lar\u0131m\u0131z\u0131n beklentilerini a\u015fmay\u0131 hedefliyoruz. Her ad\u0131mda daha fazla e\u011flence, heyecan ve kazan\u00e7 arayan oyuncular\u0131m\u0131z i\u00e7in s\u00fcrekli geli\u015fen bir platform sunuyoruz.<\/p>\n\n\n\n<p>Sadece bir oyun platformu de\u011fil, ayn\u0131 zamanda daha iyi bir casino deneyimi i\u00e7in buraday\u0131z. 724liveslots Zoom ile g\u00fcvenli, e\u011flenceli ve kazan\u00e7 dolu bir deneyim sizi bekliyor!<\/p>\n\n\n\n<p>K\u0131br\u0131s\u2019ta casino deneyimini en iyi \u015fekilde ya\u015famak i\u00e7in\u00a0<strong>KIBRIS ZOOM SLOT\u2019u takipte kal!<\/strong>\u00a0<a href=\"https:\/\/www.kibriszoomslot.com\/\" target=\"_blank\" rel=\"noopener\">K\u0131br\u0131s Zoom Slot<\/a><\/p>\n","protected":false},"excerpt":{"rendered":"<p>724liveslots Zoom, casino d\u00fcnyas\u0131nda en y\u00fcksek e\u011flence ve kazan\u00e7 f\u0131rsatlar\u0131n\u0131 sunmay\u0131 ama\u00e7layan bir platformdur. K\u0131br\u0131s\u2019\u0131n en se\u00e7kin casino otelleri ve [&hellip;]<\/p>\n","protected":false},"author":1,"featured_media":13,"parent":0,"menu_order":0,"comment_status":"closed","ping_status":"closed","template":"","meta":{"site-sidebar-layout":"default","site-content-layout":"","ast-site-content-layout":"","site-content-style":"default","site-sidebar-style":"default","ast-global-header-display":"","ast-banner-title-visibility":"","ast-main-header-display":"","ast-hfb-above-header-display":"","ast-hfb-below-header-display":"","ast-hfb-mobile-header-display":"","site-post-title":"","ast-breadcrumbs-content":"","ast-featured-img":"disabled","footer-sml-layout":"","theme-transparent-header-meta":"","adv-header-id-meta":"","stick-header-meta":"","header-above-stick-meta":"","header-main-stick-meta":"","header-below-stick-meta":"","astra-migrate-meta-layouts":"default","ast-page-background-enabled":"default","ast-page-background-meta":{"desktop":{"background-color":"var(--ast-global-color-5)","background-image":"","background-repeat":"repeat","background-position":"center center","background-size":"auto","background-attachment":"scroll","background-type":"","background-media":"","overlay-type":"","overlay-color":"","overlay-opacity":"","overlay-gradient":""},"tablet":{"background-color":"","background-image":"","background-repeat":"repeat","background-position":"center center","background-size":"auto","background-attachment":"scroll","background-type":"","background-media":"","overlay-type":"","overlay-color":"","overlay-opacity":"","overlay-gradient":""},"mobile":{"background-color":"","background-image":"","background-repeat":"repeat","background-position":"center center","background-size":"auto","background-attachment":"scroll","background-type":"","background-media":"","overlay-type":"","overlay-color":"","overlay-opacity":"","overlay-gradient":""}},"ast-content-background-meta":{"desktop":{"background-color":"var(--ast-global-color-4)","background-image":"","background-repeat":"repeat","background-position":"center center","background-size":"auto","background-attachment":"scroll","background-type":"","background-media":"","overlay-type":"","overlay-color":"","overlay-opacity":"","overlay-gradient":""},"tablet":{"background-color":"var(--ast-global-color-4)","background-image":"","background-repeat":"repeat","background-position":"center center","background-size":"auto","background-attachment":"scroll","background-type":"","background-media":"","overlay-type":"","overlay-color":"","overlay-opacity":"","overlay-gradient":""},"mobile":{"background-color":"var(--ast-global-color-4)","background-image":"","background-repeat":"repeat","background-position":"center center","background-size":"auto","background-attachment":"scroll","background-type":"","background-media":"","overlay-type":"","overlay-color":"","overlay-opacity":"","overlay-gradient":""}},"footnotes":""},"class_list":["post-20","page","type-page","status-publish","has-post-thumbnail","hentry"],"_links":{"self":[{"href":"https:\/\/724liveslots.vip\/index.php\/wp-json\/wp\/v2\/pages\/20","targetHints":{"allow":["GET"]}}],"collection":[{"href":"https:\/\/724liveslots.vip\/index.php\/wp-json\/wp\/v2\/pages"}],"about":[{"href":"https:\/\/724liveslots.vip\/index.php\/wp-json\/wp\/v2\/types\/page"}],"author":[{"embeddable":true,"href":"https:\/\/724liveslots.vip\/index.php\/wp-json\/wp\/v2\/users\/1"}],"replies":[{"embeddable":true,"href":"https:\/\/724liveslots.vip\/index.php\/wp-json\/wp\/v2\/comments?post=20"}],"version-history":[{"count":4,"href":"https:\/\/724liveslots.vip\/index.php\/wp-json\/wp\/v2\/pages\/20\/revisions"}],"predecessor-version":[{"id":62,"href":"https:\/\/724liveslots.vip\/index.php\/wp-json\/wp\/v2\/pages\/20\/revisions\/62"}],"wp:featuredmedia":[{"embeddable":true,"href":"https:\/\/724liveslots.vip\/index.php\/wp-json\/wp\/v2\/media\/13"}],"wp:attachment":[{"href":"https:\/\/724liveslots.vip\/index.php\/wp-json\/wp\/v2\/media?parent=20"}],"curies":[{"name":"wp","href":"https:\/\/api.w.org\/{rel}","templated":true}]}}