{"id":22,"date":"2025-04-10T00:36:51","date_gmt":"2025-04-09T21:36:51","guid":{"rendered":"https:\/\/724liveslots.vip\/?page_id=22"},"modified":"2025-04-11T01:31:55","modified_gmt":"2025-04-10T22:31:55","slug":"misyonumuz","status":"publish","type":"page","link":"https:\/\/724liveslots.vip\/index.php\/misyonumuz\/","title":{"rendered":"Misyonumuz"},"content":{"rendered":"\n<p><strong>724liveslots Zoom<\/strong> olarak misyonumuz, her oyuncuya g\u00fcvenli, e\u011flenceli ve kazan\u00e7 dolu bir casino deneyimi sunmakt\u0131r. K\u0131br\u0131s\u2019\u0131n en se\u00e7kin casino otelleri, pop\u00fcler slot oyunlar\u0131 ve masa oyunlar\u0131yla kaliteli hizmeti tek bir platformda birle\u015ftiriyoruz. Bu sayede, oyun sunmakla kalm\u0131yoruz, ayn\u0131 zamanda unutulmaz bir deneyim ya\u015fat\u0131yoruz.<\/p>\n\n\n\n<p>Kullan\u0131c\u0131 dostu aray\u00fcz\u00fcm\u00fcz, y\u00fcksek kazan\u00e7 oranlar\u0131m\u0131z, h\u0131zl\u0131 \u00f6deme sistemimiz ve kesintisiz destek hizmetimizle her oyuncunun beklentilerini en \u00fcst d\u00fczeyde kar\u015f\u0131l\u0131yoruz. B\u00f6ylece, <strong>724liveslots Zoom<\/strong>&#8216;da her ad\u0131mda oyun keyfinizi art\u0131ran bir platform sunulmaktad\u0131r. Oyun oynaman\u0131n \u00f6tesine ge\u00e7erek, yeni nesil bir casino deneyimi sa\u011flamay\u0131 ama\u00e7l\u0131yoruz.<\/p>\n\n\n\n<p>M\u00fc\u015fteri memnuniyetini her zaman \u00f6n planda tutuyoruz. Buna ek olarak <strong>724liveslots Zoom<\/strong>\u2019u yaln\u0131zca bir oyun platformu olmaktan \u00e7\u0131kar\u0131yoruz. Ayn\u0131 zamanda oyuncular\u0131m\u0131za de\u011ferli bilgiler, cazip bonuslar ve VIP ayr\u0131cal\u0131klar\u0131yla zenginle\u015ftirilmi\u015f bir deneyim alan\u0131 sunuyoruz. <strong>7\/24 canl\u0131 destek ekibimiz<\/strong>, sorular\u0131n\u0131za an\u0131nda yan\u0131t verir. Ayr\u0131ca g\u00fcvenli bir ortamda h\u0131zl\u0131 \u00e7\u00f6z\u00fcmler sunarak size her zaman yard\u0131mc\u0131 olur.<\/p>\n\n\n\n<p>Her oyuncu bizim i\u00e7in \u00e7ok \u00f6nemlidir. Bu sebeple, <strong>724liveslots Zoom<\/strong> ki\u015fiye \u00f6zel \u00e7\u00f6z\u00fcmler, h\u0131zl\u0131 \u00e7ekim i\u015flemleri ve g\u00fcvenli altyap\u0131s\u0131yla fark yaratmaktad\u0131r. Her zaman g\u00fcvenli\u011fi ve gizlili\u011fi \u00f6n planda tutuyoruz. Ayn\u0131 zamanda sorumlu oyun anlay\u0131\u015f\u0131m\u0131zla birlikte e\u011flenceli ve g\u00fcvenli bir ortam sa\u011fl\u0131yoruz.<\/p>\n\n\n\n<p>Teknolojiyle uyumlu bir \u015fekilde s\u00fcrekli olarak yeni oyun se\u00e7enekleri, \u00f6zel promosyonlar ve ki\u015fiye \u00f6zel hizmetler sunuyoruz. B\u00f6ylece, her oyuncumuzun ihtiya\u00e7lar\u0131n\u0131 kar\u015f\u0131layarak casino d\u00fcnyas\u0131nda <strong>istedi\u011fi deneyimi<\/strong> bulabilmesini sa\u011fl\u0131yoruz. Hedefimiz, oyuncular\u0131m\u0131za g\u00fcvenilir, e\u011flenceli ve kazan\u00e7l\u0131 bir platform sunmakt\u0131r. <strong>724liveslots Zoom<\/strong>\u2019u en iyi casino deneyimi i\u00e7in tercih edilen bir alan haline getirmektir.<\/p>\n\n\n\n<p>Sonu\u00e7 olarak, <strong>724liveslots Zoom<\/strong> sadece bir casino de\u011fildir. Kazan\u00e7lar\u0131 art\u0131ran, g\u00fcvenli\u011fi sa\u011flayan ve kesintisiz e\u011flence sunan bir deneyim sunmak i\u00e7in buradad\u0131r.<\/p>\n\n\n\n<p>&nbsp;K\u0131br\u0131s\u2019ta casino deneyimini en iyi \u015fekilde ya\u015famak i\u00e7in&nbsp;<strong>KIBRIS ZOOM SLOT\u2019u takipte kal!<\/strong> <a href=\"https:\/\/www.kibriszoomslot.com\/\" target=\"_blank\" rel=\"noopener\">K\u0131br\u0131s Zoom Slot<\/a><\/p>\n","protected":false},"excerpt":{"rendered":"<p>724liveslots Zoom olarak misyonumuz, her oyuncuya g\u00fcvenli, e\u011flenceli ve kazan\u00e7 dolu bir casino deneyimi sunmakt\u0131r. K\u0131br\u0131s\u2019\u0131n en se\u00e7kin casino otelleri, [&hellip;]<\/p>\n","protected":false},"author":1,"featured_media":13,"parent":0,"menu_order":0,"comment_status":"closed","ping_status":"closed","template":"","meta":{"site-sidebar-layout":"default","site-content-layout":"","ast-site-content-layout":"","site-content-style":"default","site-sidebar-style":"default","ast-global-header-display":"","ast-banner-title-visibility":"","ast-main-header-display":"","ast-hfb-above-header-display":"","ast-hfb-below-header-display":"","ast-hfb-mobile-header-display":"","site-post-title":"","ast-breadcrumbs-content":"","ast-featured-img":"disabled","footer-sml-layout":"","theme-transparent-header-meta":"","adv-header-id-meta":"","stick-header-meta":"","header-above-stick-meta":"","header-main-stick-meta":"","header-below-stick-meta":"","astra-migrate-meta-layouts":"default","ast-page-background-enabled":"default","ast-page-background-meta":{"desktop":{"background-color":"var(--ast-global-color-5)","background-image":"","background-repeat":"repeat","background-position":"center center","background-size":"auto","background-attachment":"scroll","background-type":"","background-media":"","overlay-type":"","overlay-color":"","overlay-opacity":"","overlay-gradient":""},"tablet":{"background-color":"","background-image":"","background-repeat":"repeat","background-position":"center center","background-size":"auto","background-attachment":"scroll","background-type":"","background-media":"","overlay-type":"","overlay-color":"","overlay-opacity":"","overlay-gradient":""},"mobile":{"background-color":"","background-image":"","background-repeat":"repeat","background-position":"center center","background-size":"auto","background-attachment":"scroll","background-type":"","background-media":"","overlay-type":"","overlay-color":"","overlay-opacity":"","overlay-gradient":""}},"ast-content-background-meta":{"desktop":{"background-color":"var(--ast-global-color-4)","background-image":"","background-repeat":"repeat","background-position":"center center","background-size":"auto","background-attachment":"scroll","background-type":"","background-media":"","overlay-type":"","overlay-color":"","overlay-opacity":"","overlay-gradient":""},"tablet":{"background-color":"var(--ast-global-color-4)","background-image":"","background-repeat":"repeat","background-position":"center center","background-size":"auto","background-attachment":"scroll","background-type":"","background-media":"","overlay-type":"","overlay-color":"","overlay-opacity":"","overlay-gradient":""},"mobile":{"background-color":"var(--ast-global-color-4)","background-image":"","background-repeat":"repeat","background-position":"center center","background-size":"auto","background-attachment":"scroll","background-type":"","background-media":"","overlay-type":"","overlay-color":"","overlay-opacity":"","overlay-gradient":""}},"footnotes":""},"class_list":["post-22","page","type-page","status-publish","has-post-thumbnail","hentry"],"_links":{"self":[{"href":"https:\/\/724liveslots.vip\/index.php\/wp-json\/wp\/v2\/pages\/22","targetHints":{"allow":["GET"]}}],"collection":[{"href":"https:\/\/724liveslots.vip\/index.php\/wp-json\/wp\/v2\/pages"}],"about":[{"href":"https:\/\/724liveslots.vip\/index.php\/wp-json\/wp\/v2\/types\/page"}],"author":[{"embeddable":true,"href":"https:\/\/724liveslots.vip\/index.php\/wp-json\/wp\/v2\/users\/1"}],"replies":[{"embeddable":true,"href":"https:\/\/724liveslots.vip\/index.php\/wp-json\/wp\/v2\/comments?post=22"}],"version-history":[{"count":2,"href":"https:\/\/724liveslots.vip\/index.php\/wp-json\/wp\/v2\/pages\/22\/revisions"}],"predecessor-version":[{"id":58,"href":"https:\/\/724liveslots.vip\/index.php\/wp-json\/wp\/v2\/pages\/22\/revisions\/58"}],"wp:featuredmedia":[{"embeddable":true,"href":"https:\/\/724liveslots.vip\/index.php\/wp-json\/wp\/v2\/media\/13"}],"wp:attachment":[{"href":"https:\/\/724liveslots.vip\/index.php\/wp-json\/wp\/v2\/media?parent=22"}],"curies":[{"name":"wp","href":"https:\/\/api.w.org\/{rel}","templated":true}]}}