{"id":25,"date":"2025-04-10T00:37:20","date_gmt":"2025-04-09T21:37:20","guid":{"rendered":"https:\/\/724liveslots.vip\/?page_id=25"},"modified":"2025-04-11T01:32:51","modified_gmt":"2025-04-10T22:32:51","slug":"vizyonumuz","status":"publish","type":"page","link":"https:\/\/724liveslots.vip\/index.php\/vizyonumuz\/","title":{"rendered":"Vizyonumuz"},"content":{"rendered":"\n<p><a href=\"https:\/\/724liveslots.vip\/\">724liveslots<\/a> Zoom olarak vizyonumuz, casino d\u00fcnyas\u0131nda devrim yaratarak her oyuncuya e\u015fsiz, g\u00fcvenli ve kazan\u00e7 dolu bir deneyim sunmakt\u0131r. Teknolojiyi ve yenilikleri en \u00fcst d\u00fczeyde kullanmay\u0131 hedefiyoruz. Bunun sayesinde K\u0131br\u0131s\u2019\u0131n en se\u00e7kin casino otelleri, pop\u00fcler slot oyunlar\u0131 ve masa oyunlar\u0131 gibi geni\u015f bir hizmet yelpazesi sunuyoruz. Amac\u0131m\u0131z yaln\u0131zca bir oyun platformu olmak de\u011fil. Ayn\u0131 zamanda unutulmaz bir deneyim ya\u015fatmak ve her ad\u0131mda e\u011flenceyi, heyecan\u0131 ve kazanc\u0131 birle\u015ftirmektir.<\/p>\n\n\n\n<p>Teknolojimiz ve m\u00fc\u015fteri odakl\u0131 hizmet anlay\u0131\u015f\u0131m\u0131zla, her oyuncunun ihtiya\u00e7lar\u0131n\u0131 kar\u015f\u0131lamak i\u00e7in inovatif \u00e7\u00f6z\u00fcmler sunuyoruz. Kullan\u0131c\u0131 dostu aray\u00fcz\u00fcm\u00fcz, h\u0131zl\u0131 \u00f6deme sistemlerimiz ve 7\/24 canl\u0131 destek hizmetimizle sorunsuz bir deneyim sa\u011flamay\u0131 taahh\u00fct ediyoruz.<\/p>\n\n\n\n<p>Vizyonumuz, yaln\u0131zca e\u011flenceyi de\u011fil, ayn\u0131 zamanda g\u00fcvenli\u011fi ve sorumlu oyun anlay\u0131\u015f\u0131n\u0131 da \u00f6n planda tutmakt\u0131r. B\u00f6ylece her oyuncu, keyifli bir \u015fekilde oyun oynayabiliyor ve kazan\u00e7lar\u0131n\u0131 g\u00fcvenli bir ortamda elde edebiliyor. 724liveslots <a href=\"https:\/\/www.kibriszoomslot.com\/\" target=\"_blank\" rel=\"noopener\">Zoom<\/a>, h\u0131zla geli\u015fen casino d\u00fcnyas\u0131nda her zaman en iyiyi sunmay\u0131 hedefliyoruz. Ayn\u0131 zamanda oyuncular\u0131n\u0131n beklentilerini a\u015fmay\u0131 hedefliyoruz.<\/p>\n\n\n\n<p>Amac\u0131m\u0131z, her zaman daha fazla e\u011flence, daha fazla kazan\u00e7 ve daha kaliteli bir deneyim sunmakt\u0131r. Bu sayede, oyuncular\u0131m\u0131z g\u00fcvenle ve memnuniyetle vakit ge\u00e7irebilir. Geli\u015fen oyun trendlerine ayak uyduruyor, yeni nesil \u00f6zelliklerle oyuncular\u0131m\u0131za \u00f6zg\u00fcn f\u0131rsatlar sunuyoruz. B\u00f6ylece oyun d\u00fcnyas\u0131nda daima lider kalmay\u0131 hedefliyoruz.<\/p>\n\n\n\n<p>Biz, sadece bir oyun platformu de\u011fil, oyuncular\u0131m\u0131za daha iyi bir deneyim alan\u0131 sunmay\u0131 ama\u00e7l\u0131yoruz!<\/p>\n\n\n\n<p><\/p>\n","protected":false},"excerpt":{"rendered":"<p>724liveslots Zoom olarak vizyonumuz, casino d\u00fcnyas\u0131nda devrim yaratarak her oyuncuya e\u015fsiz, g\u00fcvenli ve kazan\u00e7 dolu bir deneyim sunmakt\u0131r. Teknolojiyi ve [&hellip;]<\/p>\n","protected":false},"author":1,"featured_media":13,"parent":0,"menu_order":0,"comment_status":"closed","ping_status":"closed","template":"","meta":{"site-sidebar-layout":"default","site-content-layout":"","ast-site-content-layout":"","site-content-style":"default","site-sidebar-style":"default","ast-global-header-display":"","ast-banner-title-visibility":"","ast-main-header-display":"","ast-hfb-above-header-display":"","ast-hfb-below-header-display":"","ast-hfb-mobile-header-display":"","site-post-title":"","ast-breadcrumbs-content":"","ast-featured-img":"disabled","footer-sml-layout":"","theme-transparent-header-meta":"","adv-header-id-meta":"","stick-header-meta":"","header-above-stick-meta":"","header-main-stick-meta":"","header-below-stick-meta":"","astra-migrate-meta-layouts":"default","ast-page-background-enabled":"default","ast-page-background-meta":{"desktop":{"background-color":"var(--ast-global-color-5)","background-image":"","background-repeat":"repeat","background-position":"center center","background-size":"auto","background-attachment":"scroll","background-type":"","background-media":"","overlay-type":"","overlay-color":"","overlay-opacity":"","overlay-gradient":""},"tablet":{"background-color":"","background-image":"","background-repeat":"repeat","background-position":"center center","background-size":"auto","background-attachment":"scroll","background-type":"","background-media":"","overlay-type":"","overlay-color":"","overlay-opacity":"","overlay-gradient":""},"mobile":{"background-color":"","background-image":"","background-repeat":"repeat","background-position":"center center","background-size":"auto","background-attachment":"scroll","background-type":"","background-media":"","overlay-type":"","overlay-color":"","overlay-opacity":"","overlay-gradient":""}},"ast-content-background-meta":{"desktop":{"background-color":"var(--ast-global-color-4)","background-image":"","background-repeat":"repeat","background-position":"center center","background-size":"auto","background-attachment":"scroll","background-type":"","background-media":"","overlay-type":"","overlay-color":"","overlay-opacity":"","overlay-gradient":""},"tablet":{"background-color":"var(--ast-global-color-4)","background-image":"","background-repeat":"repeat","background-position":"center center","background-size":"auto","background-attachment":"scroll","background-type":"","background-media":"","overlay-type":"","overlay-color":"","overlay-opacity":"","overlay-gradient":""},"mobile":{"background-color":"var(--ast-global-color-4)","background-image":"","background-repeat":"repeat","background-position":"center center","background-size":"auto","background-attachment":"scroll","background-type":"","background-media":"","overlay-type":"","overlay-color":"","overlay-opacity":"","overlay-gradient":""}},"footnotes":""},"class_list":["post-25","page","type-page","status-publish","has-post-thumbnail","hentry"],"_links":{"self":[{"href":"https:\/\/724liveslots.vip\/index.php\/wp-json\/wp\/v2\/pages\/25","targetHints":{"allow":["GET"]}}],"collection":[{"href":"https:\/\/724liveslots.vip\/index.php\/wp-json\/wp\/v2\/pages"}],"about":[{"href":"https:\/\/724liveslots.vip\/index.php\/wp-json\/wp\/v2\/types\/page"}],"author":[{"embeddable":true,"href":"https:\/\/724liveslots.vip\/index.php\/wp-json\/wp\/v2\/users\/1"}],"replies":[{"embeddable":true,"href":"https:\/\/724liveslots.vip\/index.php\/wp-json\/wp\/v2\/comments?post=25"}],"version-history":[{"count":2,"href":"https:\/\/724liveslots.vip\/index.php\/wp-json\/wp\/v2\/pages\/25\/revisions"}],"predecessor-version":[{"id":60,"href":"https:\/\/724liveslots.vip\/index.php\/wp-json\/wp\/v2\/pages\/25\/revisions\/60"}],"wp:featuredmedia":[{"embeddable":true,"href":"https:\/\/724liveslots.vip\/index.php\/wp-json\/wp\/v2\/media\/13"}],"wp:attachment":[{"href":"https:\/\/724liveslots.vip\/index.php\/wp-json\/wp\/v2\/media?parent=25"}],"curies":[{"name":"wp","href":"https:\/\/api.w.org\/{rel}","templated":true}]}}