{"id":27,"date":"2025-04-10T00:38:33","date_gmt":"2025-04-09T21:38:33","guid":{"rendered":"https:\/\/724liveslots.vip\/?page_id=27"},"modified":"2025-04-11T01:30:45","modified_gmt":"2025-04-10T22:30:45","slug":"iletisim","status":"publish","type":"page","link":"https:\/\/724liveslots.vip\/index.php\/iletisim\/","title":{"rendered":"\u0130leti\u015fim"},"content":{"rendered":"\n<p><a href=\"https:\/\/724liveslots.vip\/\">724liveslots<\/a> Zoom olarak, kullan\u0131c\u0131lar\u0131m\u0131z\u0131n her an yan\u0131nday\u0131z ve en iyi hizmeti sunmak i\u00e7in s\u00fcrekli olarak \u00e7al\u0131\u015f\u0131yoruz. Amac\u0131m\u0131z, her ad\u0131mda sorunsuz, keyifli ve g\u00fcvenli bir oyun deneyimi sa\u011flamakt\u0131r. E\u011fer sorular\u0131n\u0131z, geri bildirimleriniz veya herhangi bir konuda yard\u0131ma ihtiyac\u0131n\u0131z varsa, bizimle ileti\u015fime ge\u00e7mek olduk\u00e7a kolay. A\u015fa\u011f\u0131da, bizlere ula\u015fman\u0131n \u00e7e\u015fitli yollar\u0131n\u0131 bulabilirsiniz.<\/p>\n\n\n\n<h3 class=\"wp-block-heading\" id=\"h-bize-ulasmanin-yollari\"><strong>Bize Ula\u015fman\u0131n Yollar\u0131:<\/strong><\/h3>\n\n\n\n<p><strong>\ud83d\udce7 E-posta:<\/strong><br>\u0130htiyac\u0131n\u0131z olan her t\u00fcrl\u00fc deste\u011fi almak i\u00e7in <strong><a href=\"https:\/\/heylink.me\/k\u0131br\u0131szoom\/\" target=\"_blank\" rel=\"noopener\">support@724liveslots.com<\/a><\/strong> adresine e-posta g\u00f6nderebilirsiniz. Uzman destek ekibimiz, iletmi\u015f oldu\u011funuz mesajlar\u0131n\u0131za en k\u0131sa s\u00fcrede geri d\u00f6n\u00fc\u015f yapacak ve her t\u00fcrl\u00fc \u00f6neri, \u015fikayet veya geri bildiriminizi de burada payla\u015fabileceksiniz. \u0130leti\u015fiminiz bizim i\u00e7in \u00e7ok de\u011ferli oldu\u011fundan, her konuda size yard\u0131mc\u0131 olmak i\u00e7in daima haz\u0131r\u0131z. Bu \u015fekilde size en iyi hizmeti sunabilmek ad\u0131na her zaman yan\u0131n\u0131zday\u0131z.<\/p>\n\n\n\n<p><strong>\ud83d\udcde Telefon:<\/strong><br>Canl\u0131 destek hatt\u0131m\u0131z \u00fczerinden de h\u0131zl\u0131ca yard\u0131m alabilirsiniz. Telefon numaram\u0131z: <strong><a href=\"https:\/\/api.whatsapp.com\/send\/?phone=447561632082&amp;text&amp;type=phone_number&amp;app_absent=0\" target=\"_blank\" rel=\"noopener\">+90 123 456 7890<\/a><\/strong>. M\u00fc\u015fteri hizmetlerimiz, telefonla yap\u0131lan ba\u015fvurulara her zaman h\u0131zl\u0131 ve etkili bir \u015fekilde yan\u0131t verir. \u00d6zellikle acil bir durum s\u00f6z konusu oldu\u011funda, telefonda size an\u0131nda \u00e7\u00f6z\u00fcm sunmak i\u00e7in burada olaca\u011f\u0131z. B\u00f6ylece, her t\u00fcrl\u00fc sorunuzu en h\u0131zl\u0131 \u015fekilde \u00e7\u00f6zebilirsiniz.<\/p>\n\n\n\n<p><strong>\ud83d\udcac Canl\u0131 Destek:<\/strong><br>Web sitemizde bulunan <strong>Canl\u0131 Destek<\/strong> \u00f6zelli\u011fi sayesinde sorular\u0131n\u0131z\u0131 an\u0131nda yan\u0131tlayabiliyoruz. 7 g\u00fcn 24 saat hizmet veren uzman ekibimiz bulunuyor. Ayn\u0131 zamanda kar\u015f\u0131la\u015ft\u0131\u011f\u0131n\u0131z her t\u00fcrl\u00fc sorunla ilgili anl\u0131k destek sa\u011flamak i\u00e7in her zaman haz\u0131rd\u0131r. Bu sayede, oyun keyfinizi kesintisiz s\u00fcrd\u00fcrebilmeniz i\u00e7in t\u00fcm ihtiya\u00e7lar\u0131n\u0131za h\u0131zl\u0131ca cevap verebiliriz. Canl\u0131 destek, oyunlar\u0131n\u0131zla ilgili ya\u015fad\u0131\u011f\u0131n\u0131z herhangi bir sorunu \u00e7\u00f6zmek i\u00e7in ideal bir se\u00e7enektir.<\/p>\n\n\n\n<p><strong>\ud83c\udf10 Web Sitemiz:<\/strong><br>724liveslots Zoom hakk\u0131nda daha fazla bilgi almak, oyunlar\u0131m\u0131z\u0131 ke\u015ffetmek ve g\u00fcncel kampanyalar\u0131m\u0131z\u0131 takip etmek i\u00e7in <strong><a href=\"https:\/\/heylink.me\/k\u0131br\u0131szoom\/\" target=\"_blank\" rel=\"noopener\">www.724liveslots.com<\/a><\/strong> adresini ziyaret edebilirsiniz. Web sitemiz, kullan\u0131c\u0131 dostu aray\u00fcz\u00fc ile her zaman kolay eri\u015fim sunar. Burada, t\u00fcm hizmetlerimize kolayca ula\u015fabilir, yeni f\u0131rsatlarla ilgili bilgi sahibi olabilirsiniz. Ayr\u0131ca, web sitemiz \u00fczerinden de bizlere ula\u015fabilirsiniz. Bu sayede, sitemize her zaman kolayca eri\u015fim sa\u011flayarak, oyun deneyiminizi bir ad\u0131m ileriye ta\u015f\u0131yabilirsiniz.<\/p>\n\n\n\n<h3 class=\"wp-block-heading\" id=\"h-fiziksel-adres\"><strong>Fiziksel Adres:<\/strong><\/h3>\n\n\n\n<p>E\u011fer K\u0131br\u0131s&#8217;ta bulunan ofisimize gelerek y\u00fcz y\u00fcze destek almak isterseniz, a\u015fa\u011f\u0131daki adres \u00fczerinden bizimle ileti\u015fime ge\u00e7ebilirsiniz:<\/p>\n\n\n\n<p><strong>Adres:<\/strong><br>K\u0131br\u0131s, Lefko\u015fa, 101. Sokak, No: 15, 2. Kat, 56789.<br>Y\u00fcz y\u00fcze destek hizmetimizle ilgili daha fazla bilgi almak i\u00e7in bizimle ileti\u015fime ge\u00e7ebilirsiniz. G\u00fcler y\u00fczl\u00fc ekibimiz, her zaman sizlere yard\u0131mc\u0131 olmaktan mutluluk duyacakt\u0131r. Ofisimize gelerek, oyun deneyiminizi daha yak\u0131ndan ke\u015ffetme f\u0131rsat\u0131na da sahip olabilirsiniz.<\/p>\n\n\n\n<h3 class=\"wp-block-heading\" id=\"h-sosyal-medya\"><strong>Sosyal Medya:<\/strong><\/h3>\n\n\n\n<p>Bizi sosyal medya platformlar\u0131nda takip ederek, en son haberlerden, kampanyalardan ve promosyonlardan an\u0131nda haberdar olabilirsiniz. Ayr\u0131ca, sosyal medya \u00fczerinden bizlere her zaman sorular\u0131n\u0131z\u0131 iletebilir ve etkile\u015fimde bulunabilirsiniz. Bizimle ileti\u015fime ge\u00e7menin sosyal medya yoluyla da olduk\u00e7a kolay oldu\u011funu unutmay\u0131n! Bu kanallar \u00fczerinden bizimle daha yak\u0131n bir ileti\u015fim kurabilirsiniz. Ayn\u0131 zamanda oyunlar\u0131m\u0131za dair daha fazla bilgi alabilirsiniz.<\/p>\n\n\n\n<ul class=\"wp-block-list\">\n<li><strong>Facebook<\/strong><\/li>\n\n\n\n<li><strong>Whatsapp:<\/strong> <a href=\"https:\/\/api.whatsapp.com\/send\/?phone=447561632082&amp;text&amp;type=phone_number&amp;app_absent=0\" target=\"_blank\" rel=\"noopener\">whatsapp.com\/724liveslots<\/a><\/li>\n\n\n\n<li><strong>Instagram:<\/strong> <a href=\"https:\/\/www.instagram.com\/kibris_zoomslot\/\" target=\"_blank\" rel=\"noopener\">instagram.com\/724liveslots<\/a><\/li>\n\n\n\n<li><strong>Twitter:<\/strong> <a href=\"https:\/\/x.com\/kibriszoomslot\">twitter.com\/724liveslots<\/a><\/li>\n\n\n\n<li><strong>YouTube:<\/strong> <a href=\"https:\/\/www.youtube.com\/@zoomslotkibris\" target=\"_blank\" rel=\"noopener\">youtube.com\/724liveslots<\/a><\/li>\n<\/ul>\n\n\n\n<h3 class=\"wp-block-heading\" id=\"h-bizimle-iletisime-gecin\"><strong>Bizimle \u0130leti\u015fime Ge\u00e7in:<\/strong><\/h3>\n\n\n\n<p>Sorular\u0131n\u0131z\u0131 yan\u0131tlamak, \u00f6nerilerinizi dinlemek ve deneyiminizi daha da geli\u015ftirmek i\u00e7in her zaman buraday\u0131z. <strong>724liveslots Zoom<\/strong>, sadece bir oyun platformu de\u011fil, ayn\u0131 zamanda unutulmaz bir deneyim ya\u015faman\u0131z i\u00e7in var. Amac\u0131m\u0131z, size g\u00fcvenli, sorunsuz ve keyifli bir oyun ortam\u0131 sunmakt\u0131r. B\u00f6ylece, oyun keyfinizi her zaman bir \u00fcst seviyeye ta\u015f\u0131may\u0131 hedefliyoruz.<\/p>\n\n\n\n<p>Her zaman yan\u0131n\u0131zday\u0131z ve oyun deneyiminizle ilgili ya\u015fad\u0131\u011f\u0131n\u0131z her t\u00fcrl\u00fc sorunu \u00e7\u00f6zmek i\u00e7in haz\u0131r\u0131z. \u0130leti\u015fim kanallar\u0131m\u0131zla size yard\u0131mc\u0131 olmak, oyunlar\u0131n\u0131zdan daha fazla keyif alman\u0131z\u0131 sa\u011flamak i\u00e7in burada olaca\u011f\u0131z. Bizi arayarak veya yaz\u0131\u015farak, her zaman istedi\u011finiz deste\u011fi alabilirsiniz.<\/p>\n\n\n\n<p>G\u00fcvenli, sorumlu ve heyecan dolu bir oyun d\u00fcnyas\u0131nda, her zaman yan\u0131n\u0131zda olmaktan mutluluk duyuyoruz. Unutmay\u0131n, <strong>724liveslots Zoom<\/strong>, her zaman sizlere m\u00fckemmel bir deneyim sunmay\u0131 hedefler ve her zaman size bir ad\u0131m daha yak\u0131n olmay\u0131 ama\u00e7lar. Bu y\u00fczden, ihtiya\u00e7 duydu\u011funuz her an bizlere ula\u015fabilece\u011finizi bilmelisiniz.<\/p>\n\n\n\n<p>Herhangi bir sorunuz veya geri bildiriminiz oldu\u011funda, hemen bizimle ileti\u015fime ge\u00e7ebilirsiniz. Bizimle ileti\u015fim kurmak, sadece sorular\u0131n\u0131z\u0131 \u00e7\u00f6zmekle kalmaz, ayn\u0131 zamanda oyun d\u00fcnyas\u0131ndaki her t\u00fcrl\u00fc yenili\u011fi ke\u015ffetmenize olanak tan\u0131r. <strong>724liveslots Zoom<\/strong> olarak, her zaman daha iyi bir deneyim sunmak i\u00e7in var\u0131z.ileti\u015fime ge\u00e7ebilirsiniz. Bizimle ileti\u015fim kurmak, sadece sorular\u0131n\u0131z\u0131 \u00e7\u00f6zmekle kalmaz, ayn\u0131 zamanda oyun d\u00fcnyas\u0131ndaki her t\u00fcrl\u00fc yenili\u011fi de ke\u015ffetmenize olanak tan\u0131r.<\/p>\n","protected":false},"excerpt":{"rendered":"<p>724liveslots Zoom olarak, kullan\u0131c\u0131lar\u0131m\u0131z\u0131n her an yan\u0131nday\u0131z ve en iyi hizmeti sunmak i\u00e7in s\u00fcrekli olarak \u00e7al\u0131\u015f\u0131yoruz. Amac\u0131m\u0131z, her ad\u0131mda sorunsuz, [&hellip;]<\/p>\n","protected":false},"author":1,"featured_media":13,"parent":0,"menu_order":0,"comment_status":"closed","ping_status":"closed","template":"","meta":{"site-sidebar-layout":"default","site-content-layout":"","ast-site-content-layout":"","site-content-style":"default","site-sidebar-style":"default","ast-global-header-display":"","ast-banner-title-visibility":"","ast-main-header-display":"","ast-hfb-above-header-display":"","ast-hfb-below-header-display":"","ast-hfb-mobile-header-display":"","site-post-title":"","ast-breadcrumbs-content":"","ast-featured-img":"disabled","footer-sml-layout":"","theme-transparent-header-meta":"","adv-header-id-meta":"","stick-header-meta":"","header-above-stick-meta":"","header-main-stick-meta":"","header-below-stick-meta":"","astra-migrate-meta-layouts":"default","ast-page-background-enabled":"default","ast-page-background-meta":{"desktop":{"background-color":"var(--ast-global-color-5)","background-image":"","background-repeat":"repeat","background-position":"center center","background-size":"auto","background-attachment":"scroll","background-type":"","background-media":"","overlay-type":"","overlay-color":"","overlay-opacity":"","overlay-gradient":""},"tablet":{"background-color":"","background-image":"","background-repeat":"repeat","background-position":"center center","background-size":"auto","background-attachment":"scroll","background-type":"","background-media":"","overlay-type":"","overlay-color":"","overlay-opacity":"","overlay-gradient":""},"mobile":{"background-color":"","background-image":"","background-repeat":"repeat","background-position":"center center","background-size":"auto","background-attachment":"scroll","background-type":"","background-media":"","overlay-type":"","overlay-color":"","overlay-opacity":"","overlay-gradient":""}},"ast-content-background-meta":{"desktop":{"background-color":"var(--ast-global-color-4)","background-image":"","background-repeat":"repeat","background-position":"center center","background-size":"auto","background-attachment":"scroll","background-type":"","background-media":"","overlay-type":"","overlay-color":"","overlay-opacity":"","overlay-gradient":""},"tablet":{"background-color":"var(--ast-global-color-4)","background-image":"","background-repeat":"repeat","background-position":"center center","background-size":"auto","background-attachment":"scroll","background-type":"","background-media":"","overlay-type":"","overlay-color":"","overlay-opacity":"","overlay-gradient":""},"mobile":{"background-color":"var(--ast-global-color-4)","background-image":"","background-repeat":"repeat","background-position":"center center","background-size":"auto","background-attachment":"scroll","background-type":"","background-media":"","overlay-type":"","overlay-color":"","overlay-opacity":"","overlay-gradient":""}},"footnotes":""},"class_list":["post-27","page","type-page","status-publish","has-post-thumbnail","hentry"],"_links":{"self":[{"href":"https:\/\/724liveslots.vip\/index.php\/wp-json\/wp\/v2\/pages\/27","targetHints":{"allow":["GET"]}}],"collection":[{"href":"https:\/\/724liveslots.vip\/index.php\/wp-json\/wp\/v2\/pages"}],"about":[{"href":"https:\/\/724liveslots.vip\/index.php\/wp-json\/wp\/v2\/types\/page"}],"author":[{"embeddable":true,"href":"https:\/\/724liveslots.vip\/index.php\/wp-json\/wp\/v2\/users\/1"}],"replies":[{"embeddable":true,"href":"https:\/\/724liveslots.vip\/index.php\/wp-json\/wp\/v2\/comments?post=27"}],"version-history":[{"count":3,"href":"https:\/\/724liveslots.vip\/index.php\/wp-json\/wp\/v2\/pages\/27\/revisions"}],"predecessor-version":[{"id":56,"href":"https:\/\/724liveslots.vip\/index.php\/wp-json\/wp\/v2\/pages\/27\/revisions\/56"}],"wp:featuredmedia":[{"embeddable":true,"href":"https:\/\/724liveslots.vip\/index.php\/wp-json\/wp\/v2\/media\/13"}],"wp:attachment":[{"href":"https:\/\/724liveslots.vip\/index.php\/wp-json\/wp\/v2\/media?parent=27"}],"curies":[{"name":"wp","href":"https:\/\/api.w.org\/{rel}","templated":true}]}}