{"id":6,"date":"2025-04-10T00:19:12","date_gmt":"2025-04-09T21:19:12","guid":{"rendered":"https:\/\/724liveslots.vip\/?page_id=6"},"modified":"2025-04-11T01:36:01","modified_gmt":"2025-04-10T22:36:01","slug":"ana-sayfa","status":"publish","type":"page","link":"https:\/\/724liveslots.vip\/","title":{"rendered":"Anasayfa"},"content":{"rendered":"\n<div class=\"wp-block-cover alignfull is-light wp-duotone-unset-1\" style=\"min-height:720px;aspect-ratio:unset;\"><span aria-hidden=\"true\" class=\"wp-block-cover__background has-background-dim-100 has-background-dim has-background-gradient\" style=\"background:linear-gradient(35deg,rgb(6,0,151) 0%,rgb(130,4,255) 73%,rgb(193,15,255) 100%)\"><\/span><div class=\"wp-block-cover__inner-container is-layout-flow wp-block-cover-is-layout-flow\">\n<div class=\"inherit-container-width wp-block-group alignwide is-layout-constrained wp-block-group-is-layout-constrained\">\n<div class=\"wp-block-media-text alignwide has-media-on-the-right is-stacked-on-mobile is-vertically-aligned-center\" style=\"grid-template-columns:auto 40%\"><div class=\"wp-block-media-text__content\">\n<h1 class=\"wp-block-heading has-text-align-left has-white-color has-text-color\" id=\"h-724liveslots-zoom\"><a href=\"https:\/\/724liveslots.vip\/\">724liveslots<\/a> Zoom<\/h1>\n\n\n\n<p class=\"has-white-color has-text-color\"><strong>724liveslots Slot oyunlar\u0131n\u0131n heyecan dolu d\u00fcnyas\u0131na ad\u0131m at\u0131n!<\/strong> <em>S\u00fcrekli<\/em> geli\u015fen platformumuzda, <strong>7\/24 kesintisiz hizmetin<\/strong> yan\u0131 s\u0131ra, <em>y\u00fcksek kazan\u00e7 oranlar\u0131<\/em> ve <strong>kullan\u0131c\u0131 dostu aray\u00fcz\u00fcyle<\/strong> e\u011flenceye h\u0131zla kat\u0131l\u0131n. <strong>En pop\u00fcler slot oyunlar\u0131<\/strong>, <em>h\u0131zl\u0131 \u00f6deme sistemi<\/em> ve <strong>g\u00fcvenli altyap\u0131s\u0131<\/strong> ile fark yarat\u0131yor, sizi bekliyor!<\/p>\n\n\n\n<div class=\"wp-block-buttons is-layout-flex wp-block-buttons-is-layout-flex\">\n<div class=\"wp-block-button\"><a class=\"wp-block-button__link wp-element-button\" href=\"https:\/\/heylink.me\/k\u0131br\u0131szoom\/\" target=\"_blank\" rel=\"noopener\">ZOOM CAS\u0130NO&#8217;YA BA\u011eLAN<\/a><\/div>\n<\/div>\n<\/div><figure class=\"wp-block-media-text__media\"><img decoding=\"async\" src=\"https:\/\/724liveslots.xyz\/wp-content\/uploads\/2025\/04\/2-1-1024x1024.png\" alt=\"\" class=\"wp-image-57 size-full\"\/><\/figure><\/div>\n<\/div>\n<\/div><\/div>\n\n\n\n<div class=\"wp-block-group alignfull has-ast-global-color-5-background-color has-background is-layout-constrained wp-container-core-group-is-layout-9cedb757 wp-block-group-is-layout-constrained\" style=\"padding-bottom:0px\">\n<div class=\"wp-block-columns are-vertically-aligned-top is-layout-flex wp-container-core-columns-is-layout-00723822 wp-block-columns-is-layout-flex\">\n<div class=\"wp-block-column is-vertically-aligned-top is-layout-flow wp-container-core-column-is-layout-6b73ce23 wp-block-column-is-layout-flow\">\n<figure class=\"wp-block-image size-large\"><img decoding=\"async\" src=\"https:\/\/zoomcasinogiris.net\/wp-content\/themes\/astra\/inc\/assets\/images\/starter-content\/building.svg\" alt=\"\" class=\"wp-image-134\"\/><\/figure>\n\n\n\n<h3 class=\"wp-block-heading has-text-align-left\" id=\"h-vip\" style=\"margin-top:16px\">VIP<\/h3>\n\n\n\n<p class=\"has-text-align-left\"><strong>724liveslots\u2019un ayr\u0131cal\u0131kl\u0131 d\u00fcnyas\u0131na \u015fimdi ad\u0131m at\u0131n!<\/strong> \u00d6zel promosyonlarla ba\u015flay\u0131n, <em>y\u00fcksek oranl\u0131 bonuslarla kazanc\u0131n\u0131z\u0131 art\u0131r\u0131n<\/em> ve <em>ki\u015fiye \u00f6zel hizmetlerle<\/em> fark\u0131n\u0131z\u0131 ortaya koyun. <strong>VIP \u00fcyelerimiz<\/strong>, her zaman <em>daha avantajl\u0131<\/em>, <em>daha \u00f6ncelikli<\/em> ve <em>her ad\u0131mda bir ad\u0131m \u00f6nde!<\/em><\/p>\n<\/div>\n\n\n\n<div class=\"wp-block-column is-vertically-aligned-top is-layout-flow wp-container-core-column-is-layout-6b73ce23 wp-block-column-is-layout-flow\">\n<figure class=\"wp-block-image size-large\"><img decoding=\"async\" src=\"https:\/\/zoomcasinogiris.net\/wp-content\/themes\/astra\/inc\/assets\/images\/starter-content\/shopping-bag.svg\" alt=\"\" class=\"wp-image-135\"\/><\/figure>\n\n\n\n<h3 class=\"wp-block-heading has-text-align-left\" id=\"h-online\" style=\"margin-top:16px\">ONL\u0130NE<\/h3>\n\n\n\n<p class=\"has-text-align-left\"><strong>7 g\u00fcn 24 saat kesintisiz oyun keyfi sizi bekliyor!<\/strong> Nerede olursan\u0131z olun, <em>mobilde ya da masa\u00fcst\u00fcnde<\/em>, fark etmeksizin her an ba\u011flant\u0131da kal\u0131n, <em>oyuna kald\u0131\u011f\u0131n\u0131z yerden h\u0131zla devam edin<\/em> ve e\u011flencenin ritmini asla ka\u00e7\u0131rmay\u0131n!<\/p>\n<\/div>\n\n\n\n<div class=\"wp-block-column is-vertically-aligned-top is-layout-flow wp-container-core-column-is-layout-6b73ce23 wp-block-column-is-layout-flow\">\n<figure class=\"wp-block-image size-large\"><img decoding=\"async\" src=\"https:\/\/zoomcasinogiris.net\/wp-content\/themes\/astra\/inc\/assets\/images\/starter-content\/blog.svg\" alt=\"\" class=\"wp-image-136\"\/><\/figure>\n\n\n\n<h3 class=\"wp-block-heading has-text-align-left\" id=\"h-temsilci\" style=\"margin-top:16px\">TEMS\u0130LC\u0130<\/h3>\n\n\n\n<p class=\"has-text-align-left\"><strong>Canl\u0131 destek temsilcilerimiz her an yan\u0131n\u0131zda!<\/strong> Sorular\u0131n\u0131z\u0131 h\u0131zl\u0131ca yan\u0131tlayan ve ihtiya\u00e7lar\u0131n\u0131za an\u0131nda \u00e7\u00f6z\u00fcm sunan <em>uzman ekibimiz sayesinde<\/em>, her ad\u0131mda g\u00fcvenle ilerleyin. <em>Anl\u0131k destek<\/em>, etkili \u00e7\u00f6z\u00fcmler ve %100 memnuniyet garantisiyle fark\u0131 hissedin!<\/p>\n<\/div>\n\n\n\n<div class=\"wp-block-column is-vertically-aligned-top is-layout-flow wp-container-core-column-is-layout-6b73ce23 wp-block-column-is-layout-flow\">\n<figure class=\"wp-block-image size-large\"><img decoding=\"async\" src=\"https:\/\/zoomcasinogiris.net\/wp-content\/themes\/astra\/inc\/assets\/images\/starter-content\/portfolio.svg\" alt=\"\" class=\"wp-image-137\"\/><\/figure>\n\n\n\n<h3 class=\"wp-block-heading has-text-align-left\" id=\"h-bonus\" style=\"margin-top:16px\">BONUS<\/h3>\n\n\n\n<p class=\"has-text-align-left\"><strong>Kazanc\u0131n\u0131z\u0131 katlay\u0131n!<\/strong> Ho\u015f geldin bonusu ile ba\u015flay\u0131n, ard\u0131ndan <em>yat\u0131r\u0131m promosyonlar\u0131<\/em> ile kazanc\u0131n\u0131z\u0131 h\u0131zla art\u0131r\u0131n ve <em>s\u00fcrpriz \u00f6d\u00fcller<\/em>le dolu bir bonus d\u00fcnyas\u0131nda e\u011flenceye doyun. <strong>Her ad\u0131mda<\/strong> daha fazla kazan\u00e7 ve f\u0131rsat sizi bekliyor!<\/p>\n<\/div>\n<\/div>\n<\/div>\n\n\n\n<div class=\"wp-block-group alignfull is-layout-constrained wp-container-core-group-is-layout-45b0ac4f wp-block-group-is-layout-constrained\" id=\"services\" style=\"padding-top:144px;padding-bottom:0px\">\n<h2 class=\"wp-block-heading\" id=\"h-canli-slot-oyunlari\">CANLI SLOT OYUNLARI<\/h2>\n\n\n\n<div class=\"wp-block-columns is-layout-flex wp-container-core-columns-is-layout-60cbf9bb wp-block-columns-is-layout-flex\" style=\"margin-top:50px\">\n<div class=\"wp-block-column is-layout-flow wp-container-core-column-is-layout-6b73ce23 wp-block-column-is-layout-flow\">\n<figure class=\"wp-block-image size-full\"><img decoding=\"async\" src=\"https:\/\/724liveslots.xyz\/wp-content\/uploads\/2025\/04\/pasha-giris.png\" alt=\"\" class=\"wp-image-22\"\/><\/figure>\n\n\n\n<h3 class=\"wp-block-heading\" id=\"h-724liveslots-casino-destek\" style=\"margin-top:16px\">\ud83c\udfa7 724liveslots Casino Destek<\/h3>\n\n\n\n<p><strong>7\/24 uzman destek<\/strong> ile her an yan\u0131n\u0131zday\u0131z! Casino deneyiminiz boyunca, <em>ne zaman isterseniz<\/em>, her t\u00fcrl\u00fc sorunuz ve ihtiyac\u0131n\u0131z i\u00e7in <strong>tecr\u00fcbeli ekibimiz<\/strong> size h\u0131zl\u0131 ve etkili \u00e7\u00f6z\u00fcmler sunar. <strong>Her ad\u0131mda<\/strong> yan\u0131n\u0131zda olan uzman destek ekibimiz, <strong>sizin i\u00e7in her zaman burada<\/strong>, sorunlar\u0131n\u0131z\u0131 an\u0131nda \u00e7\u00f6zerek oyun keyfinizi kesintisiz s\u00fcrd\u00fcrmenizi sa\u011flar.<\/p>\n<\/div>\n\n\n\n<div class=\"wp-block-column is-layout-flow wp-container-core-column-is-layout-6b73ce23 wp-block-column-is-layout-flow\">\n<figure class=\"wp-block-image aligncenter size-full is-resized\"><img decoding=\"async\" src=\"https:\/\/724liveslots.xyz\/wp-content\/uploads\/2025\/04\/makine.png\" alt=\"\" class=\"wp-image-23\" style=\"width:283px;height:auto\"\/><\/figure>\n\n\n\n<h3 class=\"wp-block-heading\" id=\"h-724liveslots-canli-oyun\" style=\"margin-top:16px\">\ud83c\udfb2 724liveslots Canl\u0131 Oyun<\/h3>\n\n\n\n<p><strong>Ger\u00e7ek krupiyelerle anl\u0131k heyecan<\/strong> ya\u015fay\u0131n! <em>Canl\u0131 yay\u0131nla<\/em> her an oyunun i\u00e7inde olun, <strong>adeta ger\u00e7ek bir casinodaym\u0131\u015f gibi<\/strong> heyecana kap\u0131l\u0131n ve kazan\u00e7lar\u0131n\u0131z\u0131 ger\u00e7ek zamanl\u0131 olarak art\u0131r\u0131n. <strong>Her an, her yerde<\/strong> e\u011flencenin ve aksiyonun keyfini \u00e7\u0131kar\u0131n!<br><\/p>\n<\/div>\n\n\n\n<div class=\"wp-block-column is-layout-flow wp-container-core-column-is-layout-6b73ce23 wp-block-column-is-layout-flow\">\n<figure class=\"wp-block-image size-full is-resized\"><img decoding=\"async\" src=\"https:\/\/724liveslots.xyz\/wp-content\/uploads\/2025\/04\/pasha-login-2.png\" alt=\"\" class=\"wp-image-67\" style=\"width:280px;height:auto\"\/><\/figure>\n\n\n\n<h3 class=\"wp-block-heading\" id=\"h-724liveslots-casino-avantaji\" style=\"margin-top:16px\">\ud83c\udfc6<a href=\"https:\/\/www.kibriszoomslot.com\/\" target=\"_blank\" rel=\"noopener\"> 724liveslots <\/a>Casino Avantaj\u0131<\/h3>\n\n\n\n<p><strong>Y\u00fcksek kazan\u00e7 oranlar\u0131<\/strong>, <em>\u00f6zellikle<\/em> kazanma f\u0131rsatlar\u0131n\u0131z\u0131 katlarken, <strong>\u00f6zel bonuslar<\/strong> ile her an daha fazla \u00f6d\u00fcl kazanabilirsiniz. <strong>Bununla birlikte<\/strong>, <em>s\u0131n\u0131rs\u0131z e\u011flence<\/em> sizi bekliyor; her yeni oyunda daha fazla heyecan ve kazan\u00e7 sizi bekliyor!<\/p>\n<\/div>\n<\/div>\n<\/div>\n\n\n\n<div class=\"wp-block-group alignfull has-ast-global-color-5-background-color has-background is-layout-constrained wp-container-core-group-is-layout-94d206d0 wp-block-group-is-layout-constrained\" id=\"about\" style=\"padding-top:143px;padding-bottom:144px\">\n<div class=\"wp-block-media-text alignfull has-media-on-the-right is-stacked-on-mobile is-vertically-aligned-center\" style=\"grid-template-columns:auto 33%\"><div class=\"wp-block-media-text__content\">\n<div class=\"inherit-container-width wp-block-group is-layout-constrained wp-container-core-group-is-layout-47ce07ec wp-block-group-is-layout-constrained\" style=\"padding-right:80px\">\n<h2 class=\"wp-block-heading alignfull\" id=\"h-kibris-in-en-iyi-casinolari-kibris-zoom-slot-ta\" style=\"padding-right:40px\">K\u0131br\u0131s\u2019\u0131n En \u0130yi Casinolar\u0131 K\u0131br\u0131s Zoom Slot&#8217;ta!<\/h2>\n\n\n\n<p><a href=\"https:\/\/724liveslots.xyz\/\" target=\"_blank\" rel=\"noopener\">Zoom Casino<\/a>, <em>\u00f6zellikle<\/em> K\u0131br\u0131s\u2019\u0131n en se\u00e7kin casino otellerini bir araya getiriyor. <strong>Bunun yan\u0131 s\u0131ra<\/strong>, <em>masa oyunlar\u0131nda<\/em> her seviyeye hitap eden se\u00e7enekler sunuyor ve <strong>en g\u00fcncel promosyonlarla<\/strong> kullan\u0131c\u0131lar\u0131na <em>s\u00fcrekli<\/em> yeni f\u0131rsatlar sa\u011fl\u0131yor. <strong>T\u00fcm bunlar\u0131<\/strong> tek bir platformda bulu\u015fturan bu yeni nesil casino rehberi, her an <strong>heyecan\u0131<\/strong> ve <strong>avantajlar\u0131<\/strong> yan\u0131n\u0131za getiriyor!<br>K\u0131br\u0131s casinolar\u0131 hakk\u0131nda arad\u0131\u011f\u0131n her \u015fey burada:<\/p>\n\n\n\n<ul class=\"wp-block-list\">\n<li>\ud83d\udccd En pop\u00fcler kumarhaneler<\/li>\n\n\n\n<li>\ud83c\udfb0 Slot ve masa oyunu se\u00e7enekleri<\/li>\n\n\n\n<li>\ud83d\udcbc Profesyonel hizmet veren casino otelleri<\/li>\n\n\n\n<li>\ud83d\udece\ufe0f VIP hizmet, transfer ve konaklama detaylar\u0131<\/li>\n<\/ul>\n\n\n\n<p>\ud83d\udc49 Art\u0131k K\u0131br\u0131s casinolar\u0131na ad\u0131m atmadan \u00f6nce t\u00fcm bilgileri <a href=\"http:\/\/kibriszoomslot.com\/\" target=\"_blank\" rel=\"noopener\"><strong>K\u0131br\u0131s Zoom Slot<\/strong><\/a> \u00fczerinden kontrol edebilirsin!<\/p>\n<\/div>\n<\/div><figure class=\"wp-block-media-text__media\"><img decoding=\"async\" src=\"https:\/\/724liveslots.xyz\/wp-content\/uploads\/2025\/04\/logo.png\" alt=\"\" class=\"wp-image-25 size-full\"\/><\/figure><\/div>\n<\/div>\n\n\n\n<div class=\"wp-block-group alignfull has-ast-global-color-4-background-color has-background is-layout-constrained wp-container-core-group-is-layout-6a2cfb7b wp-block-group-is-layout-constrained\" id=\"reviews\">\n<h2 class=\"wp-block-heading has-text-align-center\" id=\"h-zoom-casino-neden-farkli\" style=\"font-size:22px\"><strong>Zoom Casino Neden Farkl\u0131?<\/strong><\/h2>\n\n\n\n<p><strong>Benzersiz Bilgi Derinli\u011fi:<\/strong> Her casino i\u00e7in \u00f6zel haz\u0131rlanm\u0131\u015f i\u00e7erikler, ger\u00e7ek kullan\u0131c\u0131 yorumlar\u0131 ve g\u00fcncel veriler. <\/p>\n\n\n\n<p><strong>Mobil Uyumlu ve H\u0131zl\u0131:<\/strong> Nerede olursan ol, telefonundan casinolar\u0131 ke\u015ffet.<\/p>\n\n\n\n<p> <strong>Do\u011frudan \u0130leti\u015fim:<\/strong> Oynamaya karar verdi\u011finde tek t\u0131kla casino ile ba\u011flant\u0131ya ge\u00e7.<\/p>\n\n\n\n<p> <strong>Sorumlu Oyun \u0130lkesi:<\/strong> G\u00fcvenli ve etik oyun anlay\u0131\u015f\u0131n\u0131 destekliyoruz.<\/p>\n\n\n\n<p><\/p>\n\n\n\n<p class=\"has-text-align-center\"><a href=\"https:\/\/www.kibriszoomslot.com\/\" data-type=\"link\" data-id=\"https:\/\/www.kibriszoomslot.com\/\" target=\"_blank\" rel=\"noopener\">k\u0131br\u0131s zoom slot<\/a><\/p>\n<\/div>\n\n\n\n<div class=\"wp-block-group alignfull is-layout-constrained wp-container-core-group-is-layout-3fee123f wp-block-group-is-layout-constrained\" id=\"whyus\" style=\"padding-top:144px;padding-bottom:144px\">\n<h2 class=\"wp-block-heading\" id=\"h-neden-biz\">NEDEN B\u0130Z?<\/h2>\n\n\n\n<div class=\"wp-block-columns is-layout-flex wp-container-core-columns-is-layout-29aadeec wp-block-columns-is-layout-flex\" style=\"margin-top:60px\">\n<div class=\"wp-block-column is-layout-flow wp-container-core-column-is-layout-6b73ce23 wp-block-column-is-layout-flow\">\n<figure class=\"wp-block-image size-large\"><img decoding=\"async\" src=\"https:\/\/zoomcasinogiris.net\/wp-content\/themes\/astra\/inc\/assets\/images\/starter-content\/passionate.svg\" alt=\"\" class=\"wp-image-162\"\/><\/figure>\n\n\n\n<h3 class=\"wp-block-heading\" id=\"h-kayit\" style=\"margin-top:16px\">\u2705 Kay\u0131t<\/h3>\n\n\n\n<p>Hemen \u00fcye ol, avantajlarla dolu oyun d\u00fcnyas\u0131na ad\u0131m at ve kazanma f\u0131rsatlar\u0131n\u0131 yakala! Kay\u0131t i\u015flemini saniyeler i\u00e7inde tamamla, ard\u0131ndan hemen e\u011flenceye kat\u0131l ve heyecana s\u00fcr\u00fcklen. Her \u015fey sadece bir t\u0131k uzakl\u0131kta!<\/p>\n<\/div>\n\n\n\n<div class=\"wp-block-column is-layout-flow wp-container-core-column-is-layout-6b73ce23 wp-block-column-is-layout-flow\">\n<figure class=\"wp-block-image size-large\"><img decoding=\"async\" src=\"https:\/\/zoomcasinogiris.net\/wp-content\/themes\/astra\/inc\/assets\/images\/starter-content\/professional.svg\" alt=\"\" class=\"wp-image-163\"\/><\/figure>\n\n\n\n<h3 class=\"wp-block-heading\" id=\"h-aninda-cekim\" style=\"margin-top:16px\">\ud83d\udcb8 An\u0131nda \u00c7ekim<\/h3>\n\n\n\n<p><strong>An\u0131nda \u00c7ekim<\/strong> \u00f6zelli\u011fi ile kazan\u00e7lar\u0131n\u0131z <em>hemen<\/em> ve <em>kolayca<\/em> hesab\u0131n\u0131za aktar\u0131l\u0131r. <em>Bekleme s\u00fcresi olmadan<\/em>, kazanc\u0131n\u0131za <em>g\u00fcvenli bir \u015fekilde<\/em> ve <em>an\u0131nda<\/em> ula\u015fabilir, istedi\u011finiz zaman rahat\u00e7a \u00e7ekim yapabilirsiniz!<\/p>\n<\/div>\n\n\n\n<div class=\"wp-block-column is-layout-flow wp-container-core-column-is-layout-6b73ce23 wp-block-column-is-layout-flow\">\n<figure class=\"wp-block-image size-large\"><img decoding=\"async\" src=\"https:\/\/zoomcasinogiris.net\/wp-content\/themes\/astra\/inc\/assets\/images\/starter-content\/support.svg\" alt=\"\" class=\"wp-image-164\"\/><\/figure>\n\n\n\n<h3 class=\"wp-block-heading\" id=\"h-7-24-online-oyun\" style=\"margin-top:16px\">\ud83c\udfae 7\/24 Online Oyun<\/h3>\n\n\n\n<p><strong>Kazanc\u0131n\u0131 bekletme!<\/strong> K\u0131br\u0131s Zoom Slot\u2019ta \u00e7ekim i\u015flemleri <em>h\u0131zl\u0131<\/em>, <em>g\u00fcvenli<\/em> ve <em>kesintisiz<\/em> \u015fekilde ger\u00e7ekle\u015fir. <strong>Paran, an\u0131nda<\/strong> hesab\u0131na aktar\u0131l\u0131r, b\u00f6ylece <strong>bekleme derdini<\/strong> tamamen unutursun! <strong>G\u00fcn\u00fcn her saati<\/strong>, s\u0131n\u0131rs\u0131z e\u011flence seni bekliyor. <strong>Hem de<\/strong> K\u0131br\u0131s Zoom Slot\u2019ta <strong>7\/24<\/strong> online oyun keyfi <strong>s\u00fcrekli<\/strong> seninle!<\/p>\n<\/div>\n<\/div>\n<\/div>\n\n\n\n<div class=\"wp-block-group alignfull has-background is-layout-constrained wp-container-core-group-is-layout-cfcca693 wp-block-group-is-layout-constrained\" id=\"contact\" style=\"background:linear-gradient(35deg,rgb(6,0,151) 0%,rgb(130,4,255) 64%,rgb(193,15,255) 98%);padding-top:104px;padding-bottom:104px\">\n<h2 class=\"wp-block-heading has-text-align-center has-text-color\" id=\"h-kibris-zoom-slot\" style=\"color:#ffffff\">KIBRIS ZOOM SLOT<\/h2>\n\n\n\n<h2 class=\"wp-block-heading has-text-align-center has-text-color\" id=\"h-hemen-basla-eglenceye-zoom-la-yaklas\" style=\"color:#ffffff\">\ud83d\udcde Hemen Ba\u015fla \u2013 E\u011flenceye Zoom\u2019la Yakla\u015f!<\/h2>\n\n\n\n<div class=\"wp-block-buttons alignwide is-horizontal is-content-justification-center is-layout-flex wp-container-core-buttons-is-layout-bba8380a wp-block-buttons-is-layout-flex\" style=\"margin-top:50px\">\n<div class=\"wp-block-button\"><a class=\"wp-block-button__link wp-element-button\" href=\"https:\/\/heylink.me\/k\u0131br\u0131szoom\/\" target=\"_blank\" rel=\"noopener\">ZOOM CAS\u0130NO&#8217;YA BA\u011eLAN<\/a><\/div>\n<\/div>\n<\/div>\n\n\n\n<div class=\"wp-block-group alignfull has-ast-global-color-4-background-color has-background is-layout-constrained wp-container-core-group-is-layout-6a2cfb7b wp-block-group-is-layout-constrained\" id=\"reviews\">\n<h2 class=\"wp-block-heading has-text-align-center\" id=\"h-sadece-oyun-degil-deneyim-sunuyoruz\" style=\"font-size:22px\">\ud83e\udde0 Sadece Oyun De\u011fil, Deneyim Sunuyoruz!<\/h2>\n\n\n\n<p>K\u0131br\u0131s Zoom Slot yaln\u0131zca bir listeleme platformu de\u011fil; ayn\u0131 zamanda kullan\u0131c\u0131ya <strong>se\u00e7im yapma \u00f6zg\u00fcrl\u00fc\u011f\u00fc<\/strong> ve <strong>do\u011fru karar verme deste\u011fi<\/strong> sunar.<br>Kumarhane d\u00fcnyas\u0131na ad\u0131m atmak isteyenler i\u00e7in:<\/p>\n\n\n\n<ol class=\"wp-block-list\">\n<li>\ud83c\udf93 Casino Rehber Yaz\u0131lar\u0131<\/li>\n\n\n\n<li>\ud83d\udcc5 G\u00fcnl\u00fck Etkinlik Takvimi<\/li>\n\n\n\n<li>\ud83d\udcac Canl\u0131 destek ile 7\/24 bilgi hizmeti<\/li>\n\n\n\n<li>\ud83c\udf81 Kampanyalar ve Bonuslar<\/li>\n<\/ol>\n\n\n\n<p>\ud83d\udce2 K\u0131br\u0131s\u2019ta casino deneyimini en iyi \u015fekilde ya\u015famak i\u00e7in <strong>KIBRIS ZOOM SLOT\u2019u takipte kal!<\/strong><\/p>\n\n\n\n<p class=\"has-text-align-center\"><strong><a href=\"https:\/\/www.kibriszoomslot.com\/\" data-type=\"link\" data-id=\"https:\/\/www.kibriszoomslot.com\/\" target=\"_blank\" rel=\"noopener\">KIBRIS ZOOM SLOT<\/a><\/strong><\/p>\n<\/div>\n","protected":false},"excerpt":{"rendered":"<p>VIP 724liveslots\u2019un ayr\u0131cal\u0131kl\u0131 d\u00fcnyas\u0131na \u015fimdi ad\u0131m at\u0131n! \u00d6zel promosyonlarla ba\u015flay\u0131n, y\u00fcksek oranl\u0131 bonuslarla kazanc\u0131n\u0131z\u0131 art\u0131r\u0131n ve ki\u015fiye \u00f6zel hizmetlerle fark\u0131n\u0131z\u0131 [&hellip;]<\/p>\n","protected":false},"author":1,"featured_media":13,"parent":0,"menu_order":0,"comment_status":"closed","ping_status":"closed","template":"","meta":{"site-sidebar-layout":"default","site-content-layout":"","ast-site-content-layout":"","site-content-style":"default","site-sidebar-style":"default","ast-global-header-display":"","ast-banner-title-visibility":"","ast-main-header-display":"","ast-hfb-above-header-display":"","ast-hfb-below-header-display":"","ast-hfb-mobile-header-display":"","site-post-title":"disabled","ast-breadcrumbs-content":"","ast-featured-img":"disabled","footer-sml-layout":"","theme-transparent-header-meta":"","adv-header-id-meta":"","stick-header-meta":"","header-above-stick-meta":"","header-main-stick-meta":"","header-below-stick-meta":"","astra-migrate-meta-layouts":"default","ast-page-background-enabled":"default","ast-page-background-meta":{"desktop":{"background-color":"var(--ast-global-color-5)","background-image":"","background-repeat":"repeat","background-position":"center center","background-size":"auto","background-attachment":"scroll","background-type":"","background-media":"","overlay-type":"","overlay-color":"","overlay-opacity":"","overlay-gradient":""},"tablet":{"background-color":"","background-image":"","background-repeat":"repeat","background-position":"center center","background-size":"auto","background-attachment":"scroll","background-type":"","background-media":"","overlay-type":"","overlay-color":"","overlay-opacity":"","overlay-gradient":""},"mobile":{"background-color":"","background-image":"","background-repeat":"repeat","background-position":"center center","background-size":"auto","background-attachment":"scroll","background-type":"","background-media":"","overlay-type":"","overlay-color":"","overlay-opacity":"","overlay-gradient":""}},"ast-content-background-meta":{"desktop":{"background-color":"var(--ast-global-color-4)","background-image":"","background-repeat":"repeat","background-position":"center center","background-size":"auto","background-attachment":"scroll","background-type":"","background-media":"","overlay-type":"","overlay-color":"","overlay-opacity":"","overlay-gradient":""},"tablet":{"background-color":"var(--ast-global-color-4)","background-image":"","background-repeat":"repeat","background-position":"center center","background-size":"auto","background-attachment":"scroll","background-type":"","background-media":"","overlay-type":"","overlay-color":"","overlay-opacity":"","overlay-gradient":""},"mobile":{"background-color":"var(--ast-global-color-4)","background-image":"","background-repeat":"repeat","background-position":"center center","background-size":"auto","background-attachment":"scroll","background-type":"","background-media":"","overlay-type":"","overlay-color":"","overlay-opacity":"","overlay-gradient":""}},"footnotes":""},"class_list":["post-6","page","type-page","status-publish","has-post-thumbnail","hentry"],"_links":{"self":[{"href":"https:\/\/724liveslots.vip\/index.php\/wp-json\/wp\/v2\/pages\/6","targetHints":{"allow":["GET"]}}],"collection":[{"href":"https:\/\/724liveslots.vip\/index.php\/wp-json\/wp\/v2\/pages"}],"about":[{"href":"https:\/\/724liveslots.vip\/index.php\/wp-json\/wp\/v2\/types\/page"}],"author":[{"embeddable":true,"href":"https:\/\/724liveslots.vip\/index.php\/wp-json\/wp\/v2\/users\/1"}],"replies":[{"embeddable":true,"href":"https:\/\/724liveslots.vip\/index.php\/wp-json\/wp\/v2\/comments?post=6"}],"version-history":[{"count":6,"href":"https:\/\/724liveslots.vip\/index.php\/wp-json\/wp\/v2\/pages\/6\/revisions"}],"predecessor-version":[{"id":61,"href":"https:\/\/724liveslots.vip\/index.php\/wp-json\/wp\/v2\/pages\/6\/revisions\/61"}],"wp:featuredmedia":[{"embeddable":true,"href":"https:\/\/724liveslots.vip\/index.php\/wp-json\/wp\/v2\/media\/13"}],"wp:attachment":[{"href":"https:\/\/724liveslots.vip\/index.php\/wp-json\/wp\/v2\/media?parent=6"}],"curies":[{"name":"wp","href":"https:\/\/api.w.org\/{rel}","templated":true}]}}